{"id":1285,"date":"2025-09-12T10:10:33","date_gmt":"2025-09-12T08:10:33","guid":{"rendered":"https:\/\/sidevit.it\/?page_id=1285"},"modified":"2025-09-12T10:12:33","modified_gmt":"2025-09-12T08:12:33","slug":"accesibilidad","status":"publish","type":"page","link":"https:\/\/sidevit.it\/es\/accesibilidad\/","title":{"rendered":"Accesibilidad"},"content":{"rendered":"\n<h1 class=\"wp-block-heading\">Declaraci\u00f3n de Accesibilidad<\/h1>\n\n\n\n<p>Actualizado el: 03\/09\/2025<\/p>\n\n\n\n<p>Pharmanutra S.p.A. \u2013 NIF 01679440501, via Campodavela 1 \u2013 (56122) PISA, se compromete a hacer que su sitio web sea accesible de conformidad con el Decreto Legislativo N.\u00ba 106 del 10 de agosto de 2018, que transpone la Directiva UE 2016\/2102 del Parlamento Europeo y del Consejo.<\/p>\n\n\n\n<h2 class=\"wp-block-heading\">Estado de Conformidad<\/h2>\n\n\n\n<p>Este sitio web es parcialmente conforme con los requisitos establecidos en el Anexo A de la norma UNI EN 301549:2018 (WCAG 2.1) y los requisitos del Anexo A del Decreto Ministerial del 5 de julio de 2005 (WCAG 2.0).<\/p>\n\n\n\n<h2 class=\"wp-block-heading\">Contenido no accesible<\/h2>\n\n\n\n<p>El contenido que se indica a continuaci\u00f3n no es accesible por los siguientes motivos:<\/p>\n\n\n\n<ul class=\"wp-block-list\">\n<li>No conformidad con la Ley 4\/2004:\n<ul class=\"wp-block-list\">\n<li>Algunos elementos no cumplen con las relaciones de contraste de color requeridas.<\/li>\n\n\n\n<li>La ausencia de ciertas etiquetas sem\u00e1nticas limita parcialmente la navegaci\u00f3n mediante lectores de pantalla.<\/li>\n<\/ul>\n<\/li>\n<\/ul>\n\n\n\n<p>A pesar de los esfuerzos de Pharmanutra S.p.A., pueden existir elementos adicionales no conformes que no est\u00e9n enumerados en esta declaraci\u00f3n.<\/p>\n\n\n\n<h2 class=\"wp-block-heading\">Elaboraci\u00f3n de esta Declaraci\u00f3n de Accesibilidad<\/h2>\n\n\n\n<p>Esta declaraci\u00f3n se ha preparado sobre la base de una autoevaluaci\u00f3n realizada por Pharmanutra S.p.A. utilizando herramientas de evaluaci\u00f3n automatizadas, de conformidad con las disposiciones de la Directiva UE 2016\/2102.<\/p>\n\n\n\n<h2 class=\"wp-block-heading\">C\u00f3mo informar problemas de accesibilidad y contactar con el proveedor del sitio web<\/h2>\n\n\n\n<p>Para informar casos de incumplimiento de los requisitos de accesibilidad, env\u00ede un correo electr\u00f3nico a: <a href=\"mailto:marketing@pharmanutra.it\">marketing@pharmanutra.it<\/a><\/p>\n\n\n\n<p>Incluya la siguiente informaci\u00f3n:<\/p>\n\n\n\n<ul class=\"wp-block-list\">\n<li>La URL de la p\u00e1gina web en cuesti\u00f3n.<\/li>\n\n\n\n<li>Una descripci\u00f3n clara y concisa del problema encontrado.<\/li>\n<\/ul>\n\n\n\n<h2 class=\"wp-block-heading\">C\u00f3mo presentar informes a AgID<\/h2>\n\n\n\n<p>Si la respuesta no es satisfactoria o no se recibe ninguna respuesta en un plazo de 30 d\u00edas desde su comunicaci\u00f3n o solicitud, puede presentar una queja a trav\u00e9s del siguiente enlace: <a href=\"#\">Queja al Defensor del Pueblo de Derechos Digitales<\/a><\/p>\n","protected":false},"excerpt":{"rendered":"<p>Declaraci\u00f3n de Accesibilidad Actualizado el: 03\/09\/2025 Pharmanutra S.p.A. \u2013 NIF 01679440501, via Campodavela 1 \u2013 (56122) PISA, se compromete a hacer que su sitio web sea accesible de conformidad con el Decreto Legislativo N.\u00ba 106 del 10 de agosto de 2018, que transpone la Directiva UE 2016\/2102 del Parlamento Europeo y del Consejo. Estado de [&hellip;]<\/p>\n","protected":false},"author":1,"featured_media":0,"parent":0,"menu_order":0,"comment_status":"closed","ping_status":"closed","template":"","meta":{"footnotes":""},"class_list":["post-1285","page","type-page","status-publish","hentry"],"_links":{"self":[{"href":"https:\/\/sidevit.it\/es\/wp-json\/wp\/v2\/pages\/1285","targetHints":{"allow":["GET"]}}],"collection":[{"href":"https:\/\/sidevit.it\/es\/wp-json\/wp\/v2\/pages"}],"about":[{"href":"https:\/\/sidevit.it\/es\/wp-json\/wp\/v2\/types\/page"}],"author":[{"embeddable":true,"href":"https:\/\/sidevit.it\/es\/wp-json\/wp\/v2\/users\/1"}],"replies":[{"embeddable":true,"href":"https:\/\/sidevit.it\/es\/wp-json\/wp\/v2\/comments?post=1285"}],"version-history":[{"count":1,"href":"https:\/\/sidevit.it\/es\/wp-json\/wp\/v2\/pages\/1285\/revisions"}],"predecessor-version":[{"id":1286,"href":"https:\/\/sidevit.it\/es\/wp-json\/wp\/v2\/pages\/1285\/revisions\/1286"}],"wp:attachment":[{"href":"https:\/\/sidevit.it\/es\/wp-json\/wp\/v2\/media?parent=1285"}],"curies":[{"name":"wp","href":"https:\/\/api.w.org\/{rel}","templated":true}]}}