{"id":456,"date":"2024-10-30T09:28:24","date_gmt":"2024-10-30T08:28:24","guid":{"rendered":"https:\/\/sidevit.it\/?page_id=456"},"modified":"2025-09-22T12:27:52","modified_gmt":"2025-09-22T10:27:52","slug":"home","status":"publish","type":"page","link":"https:\/\/sidevit.it\/es\/","title":{"rendered":"Home"},"content":{"rendered":"\n<h1 class=\"wp-block-heading\">La soluci\u00f3n perfecta para todos, cada d\u00eda<\/h1>\n\n\n\n<p>Los complementos alimenticios<strong> Sidevit\u00ae<\/strong> son seguros para todos y eficaces inmediatamente para <strong>contrarrestar las deficiencias nutricionales y restablecer los niveles correctos de vitaminas en el organismo<\/strong>, gracias a su innovadora formulaci\u00f3n basada sobre un sistema patentado de administraci\u00f3n que garantiza la m\u00e1xima biodisponibilidad y tolerabilidad gastrointestinal.<\/p>\n","protected":false},"excerpt":{"rendered":"<p>La soluci\u00f3n perfecta para todos, cada d\u00eda Los complementos alimenticios Sidevit\u00ae son seguros para todos y eficaces inmediatamente para contrarrestar las deficiencias nutricionales y restablecer los niveles correctos de vitaminas en el organismo, gracias a su innovadora formulaci\u00f3n basada sobre un sistema patentado de administraci\u00f3n que garantiza la m\u00e1xima biodisponibilidad y tolerabilidad gastrointestinal.<\/p>\n","protected":false},"author":2,"featured_media":0,"parent":0,"menu_order":0,"comment_status":"closed","ping_status":"open","template":"template-homepage.php","meta":{"footnotes":""},"class_list":["post-456","page","type-page","status-publish","hentry"],"_links":{"self":[{"href":"https:\/\/sidevit.it\/es\/wp-json\/wp\/v2\/pages\/456","targetHints":{"allow":["GET"]}}],"collection":[{"href":"https:\/\/sidevit.it\/es\/wp-json\/wp\/v2\/pages"}],"about":[{"href":"https:\/\/sidevit.it\/es\/wp-json\/wp\/v2\/types\/page"}],"author":[{"embeddable":true,"href":"https:\/\/sidevit.it\/es\/wp-json\/wp\/v2\/users\/2"}],"replies":[{"embeddable":true,"href":"https:\/\/sidevit.it\/es\/wp-json\/wp\/v2\/comments?post=456"}],"version-history":[{"count":1,"href":"https:\/\/sidevit.it\/es\/wp-json\/wp\/v2\/pages\/456\/revisions"}],"predecessor-version":[{"id":457,"href":"https:\/\/sidevit.it\/es\/wp-json\/wp\/v2\/pages\/456\/revisions\/457"}],"wp:attachment":[{"href":"https:\/\/sidevit.it\/es\/wp-json\/wp\/v2\/media?parent=456"}],"curies":[{"name":"wp","href":"https:\/\/api.w.org\/{rel}","templated":true}]}}